{"id":22,"date":"2023-01-20T14:16:01","date_gmt":"2023-01-20T14:16:01","guid":{"rendered":"https:\/\/defy-parkinsons-voice-training.com\/?page_id=22"},"modified":"2023-08-09T13:15:16","modified_gmt":"2023-08-09T13:15:16","slug":"impressum","status":"publish","type":"page","link":"https:\/\/defy-parkinsons-voice-training.com\/en\/impressum\/","title":{"rendered":"Impressum"},"content":{"rendered":"<div data-elementor-type=\"wp-page\" data-elementor-id=\"22\" class=\"elementor elementor-22\" data-elementor-post-type=\"page\">\n\t\t\t\t\t\t<section class=\"elementor-section elementor-top-section elementor-element elementor-element-b2c23ec elementor-section-boxed elementor-section-height-default elementor-section-height-default\" data-id=\"b2c23ec\" data-element_type=\"section\" data-e-type=\"section\">\n\t\t\t\t\t\t<div class=\"elementor-container elementor-column-gap-default\">\n\t\t\t\t\t<div class=\"elementor-column elementor-col-100 elementor-top-column elementor-element elementor-element-6a4fffa\" data-id=\"6a4fffa\" data-element_type=\"column\" data-e-type=\"column\">\n\t\t\t<div class=\"elementor-widget-wrap elementor-element-populated\">\n\t\t\t\t\t\t<div class=\"elementor-element elementor-element-b79700b elementor-widget elementor-widget-button\" data-id=\"b79700b\" data-element_type=\"widget\" data-e-type=\"widget\" data-widget_type=\"button.default\">\n\t\t\t\t<div class=\"elementor-widget-container\">\n\t\t\t\t\t\t\t\t\t<div class=\"elementor-button-wrapper\">\n\t\t\t\t\t<a class=\"elementor-button elementor-button-link elementor-size-sm\" href=\"https:\/\/defy-parkinsons-voice-training.com\/en\/\">\n\t\t\t\t\t\t<span class=\"elementor-button-content-wrapper\">\n\t\t\t\t\t\t<span class=\"elementor-button-icon\">\n\t\t\t\t<i aria-hidden=\"true\" class=\"fas fa-angle-double-left\"><\/i>\t\t\t<\/span>\n\t\t\t\t\t\t\t\t\t<span class=\"elementor-button-text\">Zur\u00fcck zur Seite<\/span>\n\t\t\t\t\t<\/span>\n\t\t\t\t\t<\/a>\n\t\t\t\t<\/div>\n\t\t\t\t\t\t\t\t<\/div>\n\t\t\t\t<\/div>\n\t\t\t\t\t<\/div>\n\t\t<\/div>\n\t\t\t\t\t<\/div>\n\t\t<\/section>\n\t\t\t\t<section class=\"elementor-section elementor-top-section elementor-element elementor-element-710a35a elementor-section-boxed elementor-section-height-default elementor-section-height-default\" data-id=\"710a35a\" data-element_type=\"section\" data-e-type=\"section\">\n\t\t\t\t\t\t<div class=\"elementor-container elementor-column-gap-default\">\n\t\t\t\t\t<div class=\"elementor-column elementor-col-100 elementor-top-column elementor-element elementor-element-9ffc238\" data-id=\"9ffc238\" data-element_type=\"column\" data-e-type=\"column\">\n\t\t\t<div class=\"elementor-widget-wrap elementor-element-populated\">\n\t\t\t\t\t\t<div class=\"elementor-element elementor-element-60276fd elementor-widget elementor-widget-heading\" data-id=\"60276fd\" data-element_type=\"widget\" data-e-type=\"widget\" data-widget_type=\"heading.default\">\n\t\t\t\t<div class=\"elementor-widget-container\">\n\t\t\t\t\t<h1 class=\"elementor-heading-title elementor-size-default\">Impressum<\/h1>\t\t\t\t<\/div>\n\t\t\t\t<\/div>\n\t\t\t\t<div class=\"elementor-element elementor-element-1a2295a elementor-widget elementor-widget-text-editor\" data-id=\"1a2295a\" data-element_type=\"widget\" data-e-type=\"widget\" data-widget_type=\"text-editor.default\">\n\t\t\t\t<div class=\"elementor-widget-container\">\n\t\t\t\t\t\t\t\t\t<h2>Angaben gem\u00e4\u00df \u00a7 5 TMG<\/h2>\n<p>Esther Grote<br>Einzelunternehmen<br>Hermann Elflein Stra\u00dfe 1<br>14467 Potsdam<\/p>\n<h2>Contact<\/h2>\n<p>Telefon: <a href=\"tel:+491774215478\">+491774215478<\/a><br>Telefax: +4933187014883<br>E-Mail:&nbsp;<u style=\"color: var( --e-global-color-text ); font-family: var( --e-global-typography-text-font-family ), Sans-serif;\"><a class=\"moz-txt-link-abbreviated moz-txt-link-freetext\" href=\"mailto:mail@defy-parkinsons-voice-training.com\">mail@defy-parkinsons-voice-training.com<\/a><\/u><\/p>\n<h2>EU-Streitschlichtung<\/h2>\n<p>Die Europ\u00e4ische Kommission stellt eine Plattform zur Online-Streitbeilegung (OS) bereit: <a href=\"https:\/\/ec.europa.eu\/consumers\/odr\/\" target=\"_blank\" rel=\"noopener noreferrer\">https:\/\/ec.europa.eu\/consumers\/odr\/<\/a>.<br>Unsere E-Mail-Adresse finden Sie oben im Impressum.<\/p>\n<h2>Verbraucher\u00adstreit\u00adbeilegung\/Universal\u00adschlichtungs\u00adstelle<\/h2>\n<p>Wir sind nicht bereit oder verpflichtet, an Streitbeilegungsverfahren vor einer Verbraucherschlichtungsstelle teilzunehmen.<\/p>\n<p>Quelle: <a href=\"https:\/\/www.e-recht24.de\/\">eRecht24<\/a><\/p>\t\t\t\t\t\t\t\t<\/div>\n\t\t\t\t<\/div>\n\t\t\t\t\t<\/div>\n\t\t<\/div>\n\t\t\t\t\t<\/div>\n\t\t<\/section>\n\t\t\t\t<section class=\"elementor-section elementor-top-section elementor-element elementor-element-d4e12f6 elementor-section-full_width elementor-section-height-default elementor-section-height-default\" data-id=\"d4e12f6\" data-element_type=\"section\" data-e-type=\"section\" data-settings=\"{&quot;background_background&quot;:&quot;classic&quot;}\">\n\t\t\t\t\t\t<div class=\"elementor-container elementor-column-gap-default\">\n\t\t\t\t\t<div class=\"elementor-column elementor-col-100 elementor-top-column elementor-element elementor-element-c12f4c8\" data-id=\"c12f4c8\" data-element_type=\"column\" data-e-type=\"column\">\n\t\t\t<div class=\"elementor-widget-wrap elementor-element-populated\">\n\t\t\t\t\t\t<section class=\"elementor-section elementor-inner-section elementor-element elementor-element-e5a78be elementor-section-boxed elementor-section-height-default elementor-section-height-default\" data-id=\"e5a78be\" data-element_type=\"section\" data-e-type=\"section\">\n\t\t\t\t\t\t<div class=\"elementor-container elementor-column-gap-default\">\n\t\t\t\t\t<div class=\"elementor-column elementor-col-33 elementor-inner-column elementor-element elementor-element-68e8329\" data-id=\"68e8329\" data-element_type=\"column\" data-e-type=\"column\">\n\t\t\t<div class=\"elementor-widget-wrap elementor-element-populated\">\n\t\t\t\t\t\t<div class=\"elementor-element elementor-element-508d0db elementor-widget elementor-widget-image\" data-id=\"508d0db\" data-element_type=\"widget\" data-e-type=\"widget\" data-widget_type=\"image.default\">\n\t\t\t\t<div class=\"elementor-widget-container\">\n\t\t\t\t\t\t\t\t\t\t\t\t\t\t\t<img fetchpriority=\"high\" decoding=\"async\" width=\"888\" height=\"455\" src=\"https:\/\/defy-parkinsons-voice-training.com\/wp-content\/uploads\/2023\/01\/esther-grote-stimme-training-voice-coach-logo1.png\" class=\"attachment-full size-full wp-image-175\" alt=\"\" srcset=\"https:\/\/defy-parkinsons-voice-training.com\/wp-content\/uploads\/2023\/01\/esther-grote-stimme-training-voice-coach-logo1.png 888w, https:\/\/defy-parkinsons-voice-training.com\/wp-content\/uploads\/2023\/01\/esther-grote-stimme-training-voice-coach-logo1-300x154.png 300w, https:\/\/defy-parkinsons-voice-training.com\/wp-content\/uploads\/2023\/01\/esther-grote-stimme-training-voice-coach-logo1-768x394.png 768w\" sizes=\"(max-width: 888px) 100vw, 888px\" \/>\t\t\t\t\t\t\t\t\t\t\t\t\t\t\t<\/div>\n\t\t\t\t<\/div>\n\t\t\t\t<div class=\"elementor-element elementor-element-f6547c0 elementor-widget elementor-widget-text-editor\" data-id=\"f6547c0\" data-element_type=\"widget\" data-e-type=\"widget\" data-widget_type=\"text-editor.default\">\n\t\t\t\t<div class=\"elementor-widget-container\">\n\t\t\t\t\t\t\t\t\t<p>\u00a9 Esther Grote 2023<\/p>\t\t\t\t\t\t\t\t<\/div>\n\t\t\t\t<\/div>\n\t\t\t\t\t<\/div>\n\t\t<\/div>\n\t\t\t\t<div class=\"elementor-column elementor-col-33 elementor-inner-column elementor-element elementor-element-e621a40\" data-id=\"e621a40\" data-element_type=\"column\" data-e-type=\"column\">\n\t\t\t<div class=\"elementor-widget-wrap\">\n\t\t\t\t\t\t\t<\/div>\n\t\t<\/div>\n\t\t\t\t<div class=\"elementor-column elementor-col-33 elementor-inner-column elementor-element elementor-element-876ea92\" data-id=\"876ea92\" data-element_type=\"column\" data-e-type=\"column\">\n\t\t\t<div class=\"elementor-widget-wrap elementor-element-populated\">\n\t\t\t\t\t\t<div class=\"elementor-element elementor-element-5b07267 elementor-widget elementor-widget-html\" data-id=\"5b07267\" data-element_type=\"widget\" data-e-type=\"widget\" data-widget_type=\"html.default\">\n\t\t\t\t<div class=\"elementor-widget-container\">\n\t\t\t\t\t<!-- TrustBox widget - Micro Review Count -->\n<div class=\"trustpilot-widget\" data-locale=\"en-US\" data-template-id=\"5419b6a8b0d04a076446a9ad\" data-businessunit-id=\"63f60d804181599f4e6ffa0f\" data-style-height=\"24px\" data-style-width=\"100%\" data-theme=\"light\" data-min-review-count=\"0\" data-style-alignment=\"center\">\n  <a href=\"https:\/\/www.trustpilot.com\/review\/defy-parkinsons-voice-training.com\" target=\"_blank\" rel=\"noopener\">Trustpilot<\/a>\n<\/div>\n<!-- End TrustBox widget -->\t\t\t\t<\/div>\n\t\t\t\t<\/div>\n\t\t\t\t<div class=\"elementor-element elementor-element-6eb7796 elementor-widget elementor-widget-text-editor\" data-id=\"6eb7796\" data-element_type=\"widget\" data-e-type=\"widget\" data-widget_type=\"text-editor.default\">\n\t\t\t\t<div class=\"elementor-widget-container\">\n\t\t\t\t\t\t\t\t\t<p><a href=\"https:\/\/defy-parkinsons-voice-training.com\/en\/impressum\/\" target=\"_blank\" rel=\"noopener\">Impressum<\/a> &amp; <a href=\"https:\/\/defy-parkinsons-voice-training.com\/en\/datenschutz\/\" target=\"_blank\" rel=\"noopener\">Privacy<\/a><\/p>\t\t\t\t\t\t\t\t<\/div>\n\t\t\t\t<\/div>\n\t\t\t\t\t<\/div>\n\t\t<\/div>\n\t\t\t\t\t<\/div>\n\t\t<\/section>\n\t\t\t\t\t<\/div>\n\t\t<\/div>\n\t\t\t\t\t<\/div>\n\t\t<\/section>\n\t\t\t\t<\/div>","protected":false},"excerpt":{"rendered":"<p>Zur\u00fcck zur Seite Impressum Angaben gem\u00e4\u00df \u00a7 5 TMG Esther GroteEinzelunternehmenHermann Elflein Stra\u00dfe 114467 Potsdam Kontakt Telefon: +491774215478Telefax: +4933187014883E-Mail:&nbsp;mail@defy-parkinsons-voice-training.com EU-Streitschlichtung Die Europ\u00e4ische Kommission stellt eine Plattform zur Online-Streitbeilegung (OS) bereit: https:\/\/ec.europa.eu\/consumers\/odr\/.Unsere E-Mail-Adresse finden Sie oben im Impressum. Verbraucher\u00adstreit\u00adbeilegung\/Universal\u00adschlichtungs\u00adstelle Wir sind nicht bereit oder verpflichtet, an Streitbeilegungsverfahren vor einer Verbraucherschlichtungsstelle teilzunehmen. Quelle: eRecht24 \u00a9 Esther Grote [&hellip;]<\/p>\n","protected":false},"author":2,"featured_media":0,"parent":0,"menu_order":0,"comment_status":"closed","ping_status":"closed","template":"elementor_header_footer","meta":{"_acf_changed":false,"footnotes":""},"class_list":["post-22","page","type-page","status-publish","hentry"],"acf":[],"yoast_head":"<!-- This site is optimized with the Yoast SEO plugin v27.4 - https:\/\/yoast.com\/product\/yoast-seo-wordpress\/ -->\n<title>Impressum - Defy Parkinsons<\/title>\n<meta name=\"robots\" content=\"noindex, follow\" \/>\n<meta property=\"og:locale\" content=\"en_US\" \/>\n<meta property=\"og:type\" content=\"article\" \/>\n<meta property=\"og:title\" content=\"Impressum - Defy Parkinsons\" \/>\n<meta property=\"og:description\" content=\"Zur\u00fcck zur Seite Impressum Angaben gem\u00e4\u00df \u00a7 5 TMG Esther GroteEinzelunternehmenHermann Elflein Stra\u00dfe 114467 Potsdam Kontakt Telefon: +491774215478Telefax: +4933187014883E-Mail:&nbsp;mail@defy-parkinsons-voice-training.com EU-Streitschlichtung Die Europ\u00e4ische Kommission stellt eine Plattform zur Online-Streitbeilegung (OS) bereit: https:\/\/ec.europa.eu\/consumers\/odr\/.Unsere E-Mail-Adresse finden Sie oben im Impressum. Verbraucher\u00adstreit\u00adbeilegung\/Universal\u00adschlichtungs\u00adstelle Wir sind nicht bereit oder verpflichtet, an Streitbeilegungsverfahren vor einer Verbraucherschlichtungsstelle teilzunehmen. Quelle: eRecht24 \u00a9 Esther Grote [&hellip;]\" \/>\n<meta property=\"og:url\" content=\"https:\/\/defy-parkinsons-voice-training.com\/en\/impressum\/\" \/>\n<meta property=\"og:site_name\" content=\"Defy Parkinsons\" \/>\n<meta property=\"article:modified_time\" content=\"2023-08-09T13:15:16+00:00\" \/>\n<meta property=\"og:image\" content=\"https:\/\/defy-parkinsons-voice-training.com\/wp-content\/uploads\/2023\/01\/esther-grote-stimme-training-voice-coach-logo1.png\" \/>\n<meta name=\"twitter:card\" content=\"summary_large_image\" \/>\n<meta name=\"twitter:label1\" content=\"Est. reading time\" \/>\n\t<meta name=\"twitter:data1\" content=\"1 minute\" \/>\n<script type=\"application\/ld+json\" class=\"yoast-schema-graph\">{\"@context\":\"https:\\\/\\\/schema.org\",\"@graph\":[{\"@type\":\"WebPage\",\"@id\":\"https:\\\/\\\/defy-parkinsons-voice-training.com\\\/impressum\\\/\",\"url\":\"https:\\\/\\\/defy-parkinsons-voice-training.com\\\/impressum\\\/\",\"name\":\"Impressum - Defy Parkinsons\",\"isPartOf\":{\"@id\":\"https:\\\/\\\/defy-parkinsons-voice-training.com\\\/#website\"},\"primaryImageOfPage\":{\"@id\":\"https:\\\/\\\/defy-parkinsons-voice-training.com\\\/impressum\\\/#primaryimage\"},\"image\":{\"@id\":\"https:\\\/\\\/defy-parkinsons-voice-training.com\\\/impressum\\\/#primaryimage\"},\"thumbnailUrl\":\"https:\\\/\\\/defy-parkinsons-voice-training.com\\\/wp-content\\\/uploads\\\/2023\\\/01\\\/esther-grote-stimme-training-voice-coach-logo1.png\",\"datePublished\":\"2023-01-20T14:16:01+00:00\",\"dateModified\":\"2023-08-09T13:15:16+00:00\",\"breadcrumb\":{\"@id\":\"https:\\\/\\\/defy-parkinsons-voice-training.com\\\/impressum\\\/#breadcrumb\"},\"inLanguage\":\"en-US\",\"potentialAction\":[{\"@type\":\"ReadAction\",\"target\":[\"https:\\\/\\\/defy-parkinsons-voice-training.com\\\/impressum\\\/\"]}]},{\"@type\":\"ImageObject\",\"inLanguage\":\"en-US\",\"@id\":\"https:\\\/\\\/defy-parkinsons-voice-training.com\\\/impressum\\\/#primaryimage\",\"url\":\"https:\\\/\\\/defy-parkinsons-voice-training.com\\\/wp-content\\\/uploads\\\/2023\\\/01\\\/esther-grote-stimme-training-voice-coach-logo1.png\",\"contentUrl\":\"https:\\\/\\\/defy-parkinsons-voice-training.com\\\/wp-content\\\/uploads\\\/2023\\\/01\\\/esther-grote-stimme-training-voice-coach-logo1.png\"},{\"@type\":\"BreadcrumbList\",\"@id\":\"https:\\\/\\\/defy-parkinsons-voice-training.com\\\/impressum\\\/#breadcrumb\",\"itemListElement\":[{\"@type\":\"ListItem\",\"position\":1,\"name\":\"Startseite\",\"item\":\"https:\\\/\\\/defy-parkinsons-voice-training.com\\\/\"},{\"@type\":\"ListItem\",\"position\":2,\"name\":\"Impressum\"}]},{\"@type\":\"WebSite\",\"@id\":\"https:\\\/\\\/defy-parkinsons-voice-training.com\\\/#website\",\"url\":\"https:\\\/\\\/defy-parkinsons-voice-training.com\\\/\",\"name\":\"Defy Parkinsons\",\"description\":\"Voice Training\",\"potentialAction\":[{\"@type\":\"SearchAction\",\"target\":{\"@type\":\"EntryPoint\",\"urlTemplate\":\"https:\\\/\\\/defy-parkinsons-voice-training.com\\\/?s={search_term_string}\"},\"query-input\":{\"@type\":\"PropertyValueSpecification\",\"valueRequired\":true,\"valueName\":\"search_term_string\"}}],\"inLanguage\":\"en-US\"}]}<\/script>\n<!-- \/ Yoast SEO plugin. -->","yoast_head_json":{"title":"Impressum - Defy Parkinsons","robots":{"index":"noindex","follow":"follow"},"og_locale":"en_US","og_type":"article","og_title":"Impressum - Defy Parkinsons","og_description":"Zur\u00fcck zur Seite Impressum Angaben gem\u00e4\u00df \u00a7 5 TMG Esther GroteEinzelunternehmenHermann Elflein Stra\u00dfe 114467 Potsdam Kontakt Telefon: +491774215478Telefax: +4933187014883E-Mail:&nbsp;mail@defy-parkinsons-voice-training.com EU-Streitschlichtung Die Europ\u00e4ische Kommission stellt eine Plattform zur Online-Streitbeilegung (OS) bereit: https:\/\/ec.europa.eu\/consumers\/odr\/.Unsere E-Mail-Adresse finden Sie oben im Impressum. Verbraucher\u00adstreit\u00adbeilegung\/Universal\u00adschlichtungs\u00adstelle Wir sind nicht bereit oder verpflichtet, an Streitbeilegungsverfahren vor einer Verbraucherschlichtungsstelle teilzunehmen. Quelle: eRecht24 \u00a9 Esther Grote [&hellip;]","og_url":"https:\/\/defy-parkinsons-voice-training.com\/en\/impressum\/","og_site_name":"Defy Parkinsons","article_modified_time":"2023-08-09T13:15:16+00:00","og_image":[{"url":"https:\/\/defy-parkinsons-voice-training.com\/wp-content\/uploads\/2023\/01\/esther-grote-stimme-training-voice-coach-logo1.png","type":"","width":"","height":""}],"twitter_card":"summary_large_image","twitter_misc":{"Est. reading time":"1 minute"},"schema":{"@context":"https:\/\/schema.org","@graph":[{"@type":"WebPage","@id":"https:\/\/defy-parkinsons-voice-training.com\/impressum\/","url":"https:\/\/defy-parkinsons-voice-training.com\/impressum\/","name":"Impressum - Defy Parkinsons","isPartOf":{"@id":"https:\/\/defy-parkinsons-voice-training.com\/#website"},"primaryImageOfPage":{"@id":"https:\/\/defy-parkinsons-voice-training.com\/impressum\/#primaryimage"},"image":{"@id":"https:\/\/defy-parkinsons-voice-training.com\/impressum\/#primaryimage"},"thumbnailUrl":"https:\/\/defy-parkinsons-voice-training.com\/wp-content\/uploads\/2023\/01\/esther-grote-stimme-training-voice-coach-logo1.png","datePublished":"2023-01-20T14:16:01+00:00","dateModified":"2023-08-09T13:15:16+00:00","breadcrumb":{"@id":"https:\/\/defy-parkinsons-voice-training.com\/impressum\/#breadcrumb"},"inLanguage":"en-US","potentialAction":[{"@type":"ReadAction","target":["https:\/\/defy-parkinsons-voice-training.com\/impressum\/"]}]},{"@type":"ImageObject","inLanguage":"en-US","@id":"https:\/\/defy-parkinsons-voice-training.com\/impressum\/#primaryimage","url":"https:\/\/defy-parkinsons-voice-training.com\/wp-content\/uploads\/2023\/01\/esther-grote-stimme-training-voice-coach-logo1.png","contentUrl":"https:\/\/defy-parkinsons-voice-training.com\/wp-content\/uploads\/2023\/01\/esther-grote-stimme-training-voice-coach-logo1.png"},{"@type":"BreadcrumbList","@id":"https:\/\/defy-parkinsons-voice-training.com\/impressum\/#breadcrumb","itemListElement":[{"@type":"ListItem","position":1,"name":"Startseite","item":"https:\/\/defy-parkinsons-voice-training.com\/"},{"@type":"ListItem","position":2,"name":"Impressum"}]},{"@type":"WebSite","@id":"https:\/\/defy-parkinsons-voice-training.com\/#website","url":"https:\/\/defy-parkinsons-voice-training.com\/","name":"Defy Parkinsons","description":"Voice Training","potentialAction":[{"@type":"SearchAction","target":{"@type":"EntryPoint","urlTemplate":"https:\/\/defy-parkinsons-voice-training.com\/?s={search_term_string}"},"query-input":{"@type":"PropertyValueSpecification","valueRequired":true,"valueName":"search_term_string"}}],"inLanguage":"en-US"}]}},"_links":{"self":[{"href":"https:\/\/defy-parkinsons-voice-training.com\/en\/wp-json\/wp\/v2\/pages\/22","targetHints":{"allow":["GET"]}}],"collection":[{"href":"https:\/\/defy-parkinsons-voice-training.com\/en\/wp-json\/wp\/v2\/pages"}],"about":[{"href":"https:\/\/defy-parkinsons-voice-training.com\/en\/wp-json\/wp\/v2\/types\/page"}],"author":[{"embeddable":true,"href":"https:\/\/defy-parkinsons-voice-training.com\/en\/wp-json\/wp\/v2\/users\/2"}],"replies":[{"embeddable":true,"href":"https:\/\/defy-parkinsons-voice-training.com\/en\/wp-json\/wp\/v2\/comments?post=22"}],"version-history":[{"count":4,"href":"https:\/\/defy-parkinsons-voice-training.com\/en\/wp-json\/wp\/v2\/pages\/22\/revisions"}],"predecessor-version":[{"id":2113,"href":"https:\/\/defy-parkinsons-voice-training.com\/en\/wp-json\/wp\/v2\/pages\/22\/revisions\/2113"}],"wp:attachment":[{"href":"https:\/\/defy-parkinsons-voice-training.com\/en\/wp-json\/wp\/v2\/media?parent=22"}],"curies":[{"name":"wp","href":"https:\/\/api.w.org\/{rel}","templated":true}]}}